{"id":23,"date":"2025-05-12T17:56:17","date_gmt":"2025-05-12T16:56:17","guid":{"rendered":"https:\/\/grotkopp.eu\/?page_id=23"},"modified":"2025-05-12T17:56:17","modified_gmt":"2025-05-12T16:56:17","slug":"beraterprofil","status":"publish","type":"page","link":"https:\/\/grotkopp.eu\/?page_id=23","title":{"rendered":"Beraterprofil"},"content":{"rendered":"\n<p>Das Leistungsangebot von Dr. Ingo Grotkopp:<\/p>\n\n\n\n<ul class=\"wp-block-list\">\n<li>Business Coaching<\/li>\n\n\n\n<li>Fachberatung<\/li>\n\n\n\n<li>Training<\/li>\n\n\n\n<li>Moderation<\/li>\n\n\n\n<li>Prozessoptimierung<\/li>\n<\/ul>\n\n\n\n<p>Wahrgenommen wird er dabei als:<\/p>\n\n\n\n<ul class=\"wp-block-list\">\n<li>pr\u00e4zise<\/li>\n\n\n\n<li>klar<\/li>\n\n\n\n<li>pragmatisch<\/li>\n\n\n\n<li>konkret<\/li>\n\n\n\n<li>nachhaltig<\/li>\n\n\n\n<li>verbindlich<\/li>\n<\/ul>\n\n\n\n<p>Dr. rer. nat. Ingo Grotkopp, geboren 1971 in Hamburg, wurde bei der Olympus Winter &amp; Ibe GmbH bis 1990 zum Industriemechaniker ausgebildet, studierte in Kiel zum Dipl.-Ing. (FH) f\u00fcr Feinwerktechnik bis 1995 und wurde 2002 Diplomphysiker an der Christian-Albrechts-Universit\u00e4t, wo er 2006 den Grad eines Doktors der Naturwissenschaften erhielt. Er war von 1994 bis 1999 als Gesch\u00e4ftsf\u00fchrer der GRONI-Metall GmbH t\u00e4tig und von 2006 bis 2018 in amerikanischen und Schweizer Konzernen mit steigenden Verantwortungsbereichen schlie\u00dflich auch als Prokurist im Maschinenbau wirksam.<\/p>\n\n\n\n<p>Er bietet Fachexpertise und Business-Coaching seit 2018 mit hanseatischer Haltung als freiberuflicher Unternehmensberater, basierend auf seinen Erfahrungen aus dem Konzernumfeld und erg\u00e4nzt durch diverse Zusatzausbildungen u.a. durch die Universit\u00e4t St. Gallen oder zum M.A. in Business Coaching und Change Management an der Euro-FH.<\/p>\n\n\n\n<p>Dr. Ingo Grotkopp steht dabei f\u00fcr pr\u00e4zise Analysen, klare Strukturen und pragmatisches Vorgehen resultierend in konkreten Umsetzungsschritten zur nachhaltigen Steigerung von Performance durch pers\u00f6nliches Wachstum.<\/p>\n","protected":false},"excerpt":{"rendered":"<p>Das Leistungsangebot von Dr. Ingo Grotkopp: Wahrgenommen wird er dabei als: Dr. rer. nat. Ingo Grotkopp, geboren 1971 in Hamburg, wurde bei der Olympus Winter &amp; Ibe GmbH bis 1990 zum Industriemechaniker ausgebildet, studierte in Kiel zum Dipl.-Ing. (FH) f\u00fcr Feinwerktechnik bis 1995 und wurde 2002 Diplomphysiker an der Christian-Albrechts-Universit\u00e4t, wo er 2006 den Grad &hellip; <\/p>\n<p class=\"link-more\"><a href=\"https:\/\/grotkopp.eu\/?page_id=23\" class=\"more-link\"><span class=\"screen-reader-text\">\u201eBeraterprofil\u201c<\/span> weiterlesen<\/a><\/p>\n","protected":false},"author":1,"featured_media":0,"parent":0,"menu_order":0,"comment_status":"closed","ping_status":"closed","template":"","meta":{"footnotes":""},"class_list":["post-23","page","type-page","status-publish","hentry"],"_links":{"self":[{"href":"https:\/\/grotkopp.eu\/index.php?rest_route=\/wp\/v2\/pages\/23","targetHints":{"allow":["GET"]}}],"collection":[{"href":"https:\/\/grotkopp.eu\/index.php?rest_route=\/wp\/v2\/pages"}],"about":[{"href":"https:\/\/grotkopp.eu\/index.php?rest_route=\/wp\/v2\/types\/page"}],"author":[{"embeddable":true,"href":"https:\/\/grotkopp.eu\/index.php?rest_route=\/wp\/v2\/users\/1"}],"replies":[{"embeddable":true,"href":"https:\/\/grotkopp.eu\/index.php?rest_route=%2Fwp%2Fv2%2Fcomments&post=23"}],"version-history":[{"count":1,"href":"https:\/\/grotkopp.eu\/index.php?rest_route=\/wp\/v2\/pages\/23\/revisions"}],"predecessor-version":[{"id":24,"href":"https:\/\/grotkopp.eu\/index.php?rest_route=\/wp\/v2\/pages\/23\/revisions\/24"}],"wp:attachment":[{"href":"https:\/\/grotkopp.eu\/index.php?rest_route=%2Fwp%2Fv2%2Fmedia&parent=23"}],"curies":[{"name":"wp","href":"https:\/\/api.w.org\/{rel}","templated":true}]}}